{"id":2503,"date":"2025-10-13T15:37:43","date_gmt":"2025-10-13T13:37:43","guid":{"rendered":"https:\/\/www.ageloc.sk\/privacy-policy\/"},"modified":"2025-10-20T16:15:24","modified_gmt":"2025-10-20T14:15:24","slug":"privacy-policy","status":"publish","type":"page","link":"https:\/\/www.ageloc.sk\/en\/privacy-policy\/","title":{"rendered":"Privacy Policy"},"content":{"rendered":"\t\t<div data-elementor-type=\"wp-page\" data-elementor-id=\"2503\" class=\"elementor elementor-2503 elementor-2274\" data-elementor-post-type=\"page\">\n\t\t\t\t<div class=\"elementor-element elementor-element-50fd36b e-flex e-con-boxed e-con e-parent\" data-id=\"50fd36b\" data-element_type=\"container\">\n\t\t\t\t\t<div class=\"e-con-inner\">\n\t\t\t\t<div class=\"elementor-element elementor-element-9c9c3b0 elementor-widget elementor-widget-text-editor\" data-id=\"9c9c3b0\" data-element_type=\"widget\" data-widget_type=\"text-editor.default\">\n\t\t\t\t\t\t\t\t\t<h2><strong>I. General Provisions<\/strong><\/h2><p>The personal data controller according to Art. 4 point 7 of the Regulation of the European Parliament and of the Council (EU) 2016\/679 on the protection of natural persons with regard to the processing of personal data and on the free movement of such data (hereinafter referred to as: &#8220;GDPR&#8221;) is AgeLoc s.r.o., Company ID: 46070818, with registered office at: Pieskov\u00e1 1391\/43, 946 51 Nesvady (hereinafter referred to as: &#8220;controller&#8221;). <\/p><h3><strong>The Controller&#8217;s Contact Details are:<\/strong><\/h3><p>Email: <a href=\"mailto:info@ageloc.sk\">info@ageloc.sk<\/a><br>Personal data refers to information relating to an identified or identifiable natural person who can be identified directly or indirectly, in particular by reference to an identifier such as a name, surname, identification number, location data, or online identifier, or to one or more factors specific to the physical, physiological, genetic, mental, economic, cultural or social identity of that natural person.<br>The personal data controller has not appointed a data protection officer.<\/p><h2><strong>II. Sources and Categories of Processed Personal Data <\/strong><\/h2><p>The Controller processes personal data that you have provided to them or personal data that the Controller has obtained based on the fulfillment of your order.<br>The Controller processes your identification and contact data and data necessary for the performance of the contract.<\/p><h2><strong>III. Legal Basis and Purpose of Personal Data Processing <\/strong><\/h2><p>The legal basis for processing personal data is<br>the performance of a contract between you and the Controller pursuant to Article 6(1)(b) GDPR,<br>the legitimate interest of the Controller in providing direct marketing (especially for sending commercial offers and newsletters) pursuant to Article 6(1)(f) GDPR,<br>processing is necessary for the performance of a contract to which the data subject is party or in order to take steps at the request of the data subject prior to entering into a contract.<br>The purpose of personal data processing is<br>the processing of your request and the exercise of rights and obligations arising from the contractual relationship between you and the Controller; when filling out the contact form, personal data necessary for the successful processing of the request (name and address, contact) are required.<br>sending commercial offers and carrying out other marketing activities.<br>The Controller does not engage in automated individual decision-making within the meaning of Article 22 GDPR. You have given your explicit consent to such processing.        <\/p><h2><strong>IV. Data Retention Period <\/strong><\/h2><p>The Controller retains personal data<br>for the period necessary for the exercise of rights and obligations arising from the contractual relationship between you and the Controller and the enforcement of claims from these contractual relationships (for a period of 15 years from the termination of the contractual relationship).<br>for the period until consent to the processing of personal data for marketing purposes is withdrawn, for a maximum of 15 years, if personal data are processed based on consent.<br>After the expiration of the personal data retention period, the Controller will delete the personal data.<\/p><h2><strong>V. Recipients of Personal Data (Controller&#8217;s Subcontractors)<\/strong><\/h2><p>Recipients of personal data are persons<br>involved in receiving messages from contact forms and reservations,<br>providing marketing services.<br>The Controller does not intend to transfer personal data to a third country (a country outside the EU) or an international organization.<br>Services provided, ensuring marketing and support services<br>Google Analytics \u2013 records cookies and website usage<br>Google Ads \u2013 records cookies and website usage<\/p><h2><strong>VI. Your Rights <\/strong><\/h2><p>Under the conditions set out in the GDPR, you have<br>the right to access your personal data pursuant to Article 15 GDPR,<br>the right to rectification of personal data pursuant to Article 16 GDPR, or restriction of processing pursuant to Article 18 GDPR.<br>the right to erasure of personal data pursuant to Article 17 GDPR.<br>the right to object to processing pursuant to Article 21 GDPR, and<br>the right to data portability pursuant to Article 20 GDPR.<br>the right to withdraw consent to processing in writing or electronically to the Controller&#8217;s address or email specified in Article III of these terms. You can withdraw consent at any time in your own customer account.<br>You have the right to lodge a complaint with the Office for Personal Data Protection if you believe that your right to personal data protection has been violated.        <\/p><h2><strong>VII. Conditions for Personal Data Security <\/strong><\/h2><p>The Controller declares that they have adopted all appropriate technical and organizational measures to secure personal data.<br>The Controller has adopted technical measures to secure data storage and personal data storage in paper form, secure\/encrypted web access, encryption of customer passwords in the database, regular system updates, regular system backups.<br>The Controller declares that only persons authorized by them have access to personal data.<\/p><h2><strong>VIII. Final Provisions <\/strong><\/h2><p>By sending a message via the form on the website, you confirm that you are familiar with the personal data protection terms and that you accept them in their entirety.<br>You agree to these terms by checking the consent box via the online form. By checking the consent box, you confirm that you are familiar with the personal data protection terms and that you accept them in their entirety.<br>The Controller is entitled to change these terms. They will publish a new version of the personal data protection terms on their website and will also send you the new version of these terms to the email address you provided to the Controller.  <\/p><p>These terms come into effect on May 25, 2018.<\/p>\t\t\t\t\t\t\t\t<\/div>\n\t\t\t\t\t<\/div>\n\t\t\t\t<\/div>\n\t\t\t\t<\/div>\n\t\t","protected":false},"excerpt":{"rendered":"<p>I. General Provisions The personal data controller according to Art. 4 point 7 of the Regulation of the European Parliament and of the Council (EU) [&hellip;]<\/p>\n","protected":false},"author":3,"featured_media":0,"parent":0,"menu_order":0,"comment_status":"closed","ping_status":"closed","template":"","meta":{"footnotes":""},"class_list":["post-2503","page","type-page","status-publish","hentry"],"yoast_head":"<!-- This site is optimized with the Yoast SEO plugin v26.1.1 - https:\/\/yoast.com\/wordpress\/plugins\/seo\/ -->\n<title>Privacy Policy - AgeLoc - Pr\u00e9miov\u00e1 thajsk\u00e1 kozmetika ChanSawang<\/title>\n<meta name=\"robots\" content=\"index, follow, max-snippet:-1, max-image-preview:large, max-video-preview:-1\" \/>\n<link rel=\"canonical\" href=\"https:\/\/www.ageloc.sk\/en\/privacy-policy\/\" \/>\n<meta property=\"og:locale\" content=\"en_US\" \/>\n<meta property=\"og:type\" content=\"article\" \/>\n<meta property=\"og:title\" content=\"Privacy Policy - AgeLoc - Pr\u00e9miov\u00e1 thajsk\u00e1 kozmetika ChanSawang\" \/>\n<meta property=\"og:description\" content=\"I. General Provisions The personal data controller according to Art. 4 point 7 of the Regulation of the European Parliament and of the Council (EU) [&hellip;]\" \/>\n<meta property=\"og:url\" content=\"https:\/\/www.ageloc.sk\/en\/privacy-policy\/\" \/>\n<meta property=\"og:site_name\" content=\"AgeLoc - Pr\u00e9miov\u00e1 thajsk\u00e1 kozmetika ChanSawang\" \/>\n<meta property=\"article:publisher\" content=\"https:\/\/www.facebook.com\/profile.php?id=61563409901377\" \/>\n<meta property=\"article:modified_time\" content=\"2025-10-20T14:15:24+00:00\" \/>\n<meta name=\"twitter:card\" content=\"summary_large_image\" \/>\n<meta name=\"twitter:label1\" content=\"Est. reading time\" \/>\n\t<meta name=\"twitter:data1\" content=\"4 minutes\" \/>\n<script type=\"application\/ld+json\" class=\"yoast-schema-graph\">{\"@context\":\"https:\/\/schema.org\",\"@graph\":[{\"@type\":\"WebPage\",\"@id\":\"https:\/\/www.ageloc.sk\/en\/privacy-policy\/\",\"url\":\"https:\/\/www.ageloc.sk\/en\/privacy-policy\/\",\"name\":\"Privacy Policy - AgeLoc - Pr\u00e9miov\u00e1 thajsk\u00e1 kozmetika ChanSawang\",\"isPartOf\":{\"@id\":\"https:\/\/www.ageloc.sk\/en\/#website\"},\"datePublished\":\"2025-10-13T13:37:43+00:00\",\"dateModified\":\"2025-10-20T14:15:24+00:00\",\"breadcrumb\":{\"@id\":\"https:\/\/www.ageloc.sk\/en\/privacy-policy\/#breadcrumb\"},\"inLanguage\":\"en-US\",\"potentialAction\":[{\"@type\":\"ReadAction\",\"target\":[\"https:\/\/www.ageloc.sk\/en\/privacy-policy\/\"]}]},{\"@type\":\"BreadcrumbList\",\"@id\":\"https:\/\/www.ageloc.sk\/en\/privacy-policy\/#breadcrumb\",\"itemListElement\":[{\"@type\":\"ListItem\",\"position\":1,\"name\":\"Homepage\",\"item\":\"https:\/\/www.ageloc.sk\/en\/\"},{\"@type\":\"ListItem\",\"position\":2,\"name\":\"Privacy Policy\"}]},{\"@type\":\"WebSite\",\"@id\":\"https:\/\/www.ageloc.sk\/en\/#website\",\"url\":\"https:\/\/www.ageloc.sk\/en\/\",\"name\":\"AgeLoc - Pr\u00e9miov\u00e1 thajsk\u00e1 kozmetika ChanSawang\",\"description\":\"\",\"publisher\":{\"@id\":\"https:\/\/www.ageloc.sk\/en\/#organization\"},\"potentialAction\":[{\"@type\":\"SearchAction\",\"target\":{\"@type\":\"EntryPoint\",\"urlTemplate\":\"https:\/\/www.ageloc.sk\/en\/?s={search_term_string}\"},\"query-input\":{\"@type\":\"PropertyValueSpecification\",\"valueRequired\":true,\"valueName\":\"search_term_string\"}}],\"inLanguage\":\"en-US\"},{\"@type\":\"Organization\",\"@id\":\"https:\/\/www.ageloc.sk\/en\/#organization\",\"name\":\"AgeLoc s.r.o.\",\"url\":\"https:\/\/www.ageloc.sk\/en\/\",\"logo\":{\"@type\":\"ImageObject\",\"inLanguage\":\"en-US\",\"@id\":\"https:\/\/www.ageloc.sk\/en\/#\/schema\/logo\/image\/\",\"url\":\"https:\/\/www.ageloc.sk\/wp-content\/uploads\/2025\/09\/logo-ChanSawang.svg\",\"contentUrl\":\"https:\/\/www.ageloc.sk\/wp-content\/uploads\/2025\/09\/logo-ChanSawang.svg\",\"width\":106,\"height\":106,\"caption\":\"AgeLoc s.r.o.\"},\"image\":{\"@id\":\"https:\/\/www.ageloc.sk\/en\/#\/schema\/logo\/image\/\"},\"sameAs\":[\"https:\/\/www.facebook.com\/profile.php?id=61563409901377\"]}]}<\/script>\n<!-- \/ Yoast SEO plugin. -->","yoast_head_json":{"title":"Privacy Policy - AgeLoc - Pr\u00e9miov\u00e1 thajsk\u00e1 kozmetika ChanSawang","robots":{"index":"index","follow":"follow","max-snippet":"max-snippet:-1","max-image-preview":"max-image-preview:large","max-video-preview":"max-video-preview:-1"},"canonical":"https:\/\/www.ageloc.sk\/en\/privacy-policy\/","og_locale":"en_US","og_type":"article","og_title":"Privacy Policy - AgeLoc - Pr\u00e9miov\u00e1 thajsk\u00e1 kozmetika ChanSawang","og_description":"I. General Provisions The personal data controller according to Art. 4 point 7 of the Regulation of the European Parliament and of the Council (EU) [&hellip;]","og_url":"https:\/\/www.ageloc.sk\/en\/privacy-policy\/","og_site_name":"AgeLoc - Pr\u00e9miov\u00e1 thajsk\u00e1 kozmetika ChanSawang","article_publisher":"https:\/\/www.facebook.com\/profile.php?id=61563409901377","article_modified_time":"2025-10-20T14:15:24+00:00","twitter_card":"summary_large_image","twitter_misc":{"Est. reading time":"4 minutes"},"schema":{"@context":"https:\/\/schema.org","@graph":[{"@type":"WebPage","@id":"https:\/\/www.ageloc.sk\/en\/privacy-policy\/","url":"https:\/\/www.ageloc.sk\/en\/privacy-policy\/","name":"Privacy Policy - AgeLoc - Pr\u00e9miov\u00e1 thajsk\u00e1 kozmetika ChanSawang","isPartOf":{"@id":"https:\/\/www.ageloc.sk\/en\/#website"},"datePublished":"2025-10-13T13:37:43+00:00","dateModified":"2025-10-20T14:15:24+00:00","breadcrumb":{"@id":"https:\/\/www.ageloc.sk\/en\/privacy-policy\/#breadcrumb"},"inLanguage":"en-US","potentialAction":[{"@type":"ReadAction","target":["https:\/\/www.ageloc.sk\/en\/privacy-policy\/"]}]},{"@type":"BreadcrumbList","@id":"https:\/\/www.ageloc.sk\/en\/privacy-policy\/#breadcrumb","itemListElement":[{"@type":"ListItem","position":1,"name":"Homepage","item":"https:\/\/www.ageloc.sk\/en\/"},{"@type":"ListItem","position":2,"name":"Privacy Policy"}]},{"@type":"WebSite","@id":"https:\/\/www.ageloc.sk\/en\/#website","url":"https:\/\/www.ageloc.sk\/en\/","name":"AgeLoc - Pr\u00e9miov\u00e1 thajsk\u00e1 kozmetika ChanSawang","description":"","publisher":{"@id":"https:\/\/www.ageloc.sk\/en\/#organization"},"potentialAction":[{"@type":"SearchAction","target":{"@type":"EntryPoint","urlTemplate":"https:\/\/www.ageloc.sk\/en\/?s={search_term_string}"},"query-input":{"@type":"PropertyValueSpecification","valueRequired":true,"valueName":"search_term_string"}}],"inLanguage":"en-US"},{"@type":"Organization","@id":"https:\/\/www.ageloc.sk\/en\/#organization","name":"AgeLoc s.r.o.","url":"https:\/\/www.ageloc.sk\/en\/","logo":{"@type":"ImageObject","inLanguage":"en-US","@id":"https:\/\/www.ageloc.sk\/en\/#\/schema\/logo\/image\/","url":"https:\/\/www.ageloc.sk\/wp-content\/uploads\/2025\/09\/logo-ChanSawang.svg","contentUrl":"https:\/\/www.ageloc.sk\/wp-content\/uploads\/2025\/09\/logo-ChanSawang.svg","width":106,"height":106,"caption":"AgeLoc s.r.o."},"image":{"@id":"https:\/\/www.ageloc.sk\/en\/#\/schema\/logo\/image\/"},"sameAs":["https:\/\/www.facebook.com\/profile.php?id=61563409901377"]}]}},"_links":{"self":[{"href":"https:\/\/www.ageloc.sk\/en\/wp-json\/wp\/v2\/pages\/2503","targetHints":{"allow":["GET"]}}],"collection":[{"href":"https:\/\/www.ageloc.sk\/en\/wp-json\/wp\/v2\/pages"}],"about":[{"href":"https:\/\/www.ageloc.sk\/en\/wp-json\/wp\/v2\/types\/page"}],"author":[{"embeddable":true,"href":"https:\/\/www.ageloc.sk\/en\/wp-json\/wp\/v2\/users\/3"}],"replies":[{"embeddable":true,"href":"https:\/\/www.ageloc.sk\/en\/wp-json\/wp\/v2\/comments?post=2503"}],"version-history":[{"count":4,"href":"https:\/\/www.ageloc.sk\/en\/wp-json\/wp\/v2\/pages\/2503\/revisions"}],"predecessor-version":[{"id":2816,"href":"https:\/\/www.ageloc.sk\/en\/wp-json\/wp\/v2\/pages\/2503\/revisions\/2816"}],"wp:attachment":[{"href":"https:\/\/www.ageloc.sk\/en\/wp-json\/wp\/v2\/media?parent=2503"}],"curies":[{"name":"wp","href":"https:\/\/api.w.org\/{rel}","templated":true}]}}