{"id":2632,"date":"2025-10-01T16:51:29","date_gmt":"2025-10-01T14:51:29","guid":{"rendered":"https:\/\/www.ageloc.sk\/produkt\/expert-pure-whitening-serum\/"},"modified":"2025-11-03T15:03:56","modified_gmt":"2025-11-03T14:03:56","slug":"expert-pure-whitening-serum","status":"publish","type":"product","link":"https:\/\/www.ageloc.sk\/en\/produkt\/expert-pure-whitening-serum\/","title":{"rendered":"Expert Pure Whitening Serum"},"content":{"rendered":"<div class=\"product-description\">\n<h2>Expert Pure Whitening Serum<\/h2>\n<p class=\"subtitle\"><em>Brightening &amp; Revitalizing Serum<\/em><\/p>\n<p>\n Concentrated brightening serum that reduces dark spots, evens skin tone, and restores its natural radiance.<br \/>\n Thanks to vitamin C, arbutin, and turmeric, it improves the overall appearance of the skin, while hyaluronic acid, aloe vera, and allantoin<br \/>\n hydrate and soothe. Plant proteins and vitamin E strengthen the skin barrier and protect against free radicals \u2014<br \/>\n the skin remains radiant, smooth, and healthy.\n  <\/p>\n<h3>Key Benefits<\/h3>\n<ul>\n<li>Brightens &amp; evens skin tone<\/li>\n<li>Hydrates &amp; smooths skin<\/li>\n<li>Strengthens &amp; protects the skin barrier<\/li>\n<li>Reduces pigmentation spots and signs of fatigue<\/li>\n<\/ul>\n<h3>Key Active Ingredients<\/h3>\n<ul>\n<li><strong>Vitamin C:<\/strong> powerful antioxidant, brightens skin and reduces pigment spots<\/li>\n<li><strong>Arbutin:<\/strong> evens skin tone and enhances its radiance<\/li>\n<li><strong>Turmeric:<\/strong> has anti-inflammatory and antioxidant effects, improves skin tone<\/li>\n<li><strong>Hyaluronic Acid:<\/strong> deeply hydrates and improves elasticity<\/li>\n<li><strong>Aloe Vera:<\/strong> soothes and regenerates the skin<\/li>\n<li><strong>Plant Proteins:<\/strong> strengthen the skin barrier and support cell renewal<\/li>\n<li><strong>Vitamin E:<\/strong> protects against free radicals and slows down aging<\/li>\n<\/ul>\n<h3>How to Use<\/h3>\n<ol>\n<li>Apply morning and evening to thoroughly cleansed skin.<\/li>\n<li>Gently pat over the entire face without pulling or rubbing the skin.<\/li>\n<li>For best results, use after <strong>Extra Cleansing Mousse<\/strong> or <strong>Herbal Mask Powder<\/strong>.<\/li>\n<\/ol>\n<p>\n    <strong>Volume:<\/strong> 40 ml<br \/>    <strong>Category:<\/strong> Serums\n  <\/p>\n<\/div>\n","protected":false},"excerpt":{"rendered":"<p data-start=\"78\" data-end=\"471\">A concentrated brightening serum that reduces dark spots, evens out skin tone, and restores its natural radiance. Thanks to Vitamin C, arbutin, and turmeric, it improves the overall appearance of the skin, while hyaluronic acid, aloe vera, and allantoin hydrate and soothe. Plant proteins and Vitamin E strengthen the skin barrier and protect against free radicals \u2014 leaving the skin radiant, smooth, and healthy.  <\/p>\n","protected":false},"featured_media":2633,"comment_status":"open","ping_status":"closed","template":"","meta":[],"product_brand":[],"product_cat":[114],"product_tag":[],"class_list":{"0":"post-2632","1":"product","2":"type-product","3":"status-publish","4":"has-post-thumbnail","6":"product_cat-anti-pigmentation-skin-lightening-collection","8":"first","9":"instock","10":"sale","11":"taxable","12":"shipping-taxable","13":"purchasable","14":"product-type-simple"},"yoast_head":"<!-- This site is optimized with the Yoast SEO plugin v26.1.1 - https:\/\/yoast.com\/wordpress\/plugins\/seo\/ -->\n<title>Expert Pure Whitening Serum - AgeLoc - Pr\u00e9miov\u00e1 thajsk\u00e1 kozmetika ChanSawang<\/title>\n<meta name=\"robots\" content=\"index, follow, max-snippet:-1, max-image-preview:large, max-video-preview:-1\" \/>\n<link rel=\"canonical\" href=\"https:\/\/www.ageloc.sk\/en\/produkt\/expert-pure-whitening-serum\/\" \/>\n<meta property=\"og:locale\" content=\"en_US\" \/>\n<meta property=\"og:type\" content=\"article\" \/>\n<meta property=\"og:title\" content=\"Expert Pure Whitening Serum - AgeLoc - Pr\u00e9miov\u00e1 thajsk\u00e1 kozmetika ChanSawang\" \/>\n<meta property=\"og:description\" content=\"A concentrated brightening serum that reduces dark spots, evens out skin tone, and restores its natural radiance. Thanks to Vitamin C, arbutin, and turmeric, it improves the overall appearance of the skin, while hyaluronic acid, aloe vera, and allantoin hydrate and soothe. Plant proteins and Vitamin E strengthen the skin barrier and protect against free radicals \u2014 leaving the skin radiant, smooth, and healthy.\" \/>\n<meta property=\"og:url\" content=\"https:\/\/www.ageloc.sk\/en\/produkt\/expert-pure-whitening-serum\/\" \/>\n<meta property=\"og:site_name\" content=\"AgeLoc - Pr\u00e9miov\u00e1 thajsk\u00e1 kozmetika ChanSawang\" \/>\n<meta property=\"article:publisher\" content=\"https:\/\/www.facebook.com\/profile.php?id=61563409901377\" \/>\n<meta property=\"article:modified_time\" content=\"2025-11-03T14:03:56+00:00\" \/>\n<meta property=\"og:image\" content=\"https:\/\/www.ageloc.sk\/wp-content\/uploads\/2025\/10\/expertpure.jpg\" \/>\n\t<meta property=\"og:image:width\" content=\"1500\" \/>\n\t<meta property=\"og:image:height\" content=\"1500\" \/>\n\t<meta property=\"og:image:type\" content=\"image\/jpeg\" \/>\n<meta name=\"twitter:card\" content=\"summary_large_image\" \/>\n<meta name=\"twitter:label1\" content=\"Est. reading time\" \/>\n\t<meta name=\"twitter:data1\" content=\"2 minutes\" \/>\n<script type=\"application\/ld+json\" class=\"yoast-schema-graph\">{\"@context\":\"https:\/\/schema.org\",\"@graph\":[{\"@type\":\"WebPage\",\"@id\":\"https:\/\/www.ageloc.sk\/en\/produkt\/expert-pure-whitening-serum\/\",\"url\":\"https:\/\/www.ageloc.sk\/en\/produkt\/expert-pure-whitening-serum\/\",\"name\":\"Expert Pure Whitening Serum - AgeLoc - Pr\u00e9miov\u00e1 thajsk\u00e1 kozmetika ChanSawang\",\"isPartOf\":{\"@id\":\"https:\/\/www.ageloc.sk\/en\/#website\"},\"primaryImageOfPage\":{\"@id\":\"https:\/\/www.ageloc.sk\/en\/produkt\/expert-pure-whitening-serum\/#primaryimage\"},\"image\":{\"@id\":\"https:\/\/www.ageloc.sk\/en\/produkt\/expert-pure-whitening-serum\/#primaryimage\"},\"thumbnailUrl\":\"https:\/\/www.ageloc.sk\/wp-content\/uploads\/2025\/10\/expertpure.jpg\",\"datePublished\":\"2025-10-01T14:51:29+00:00\",\"dateModified\":\"2025-11-03T14:03:56+00:00\",\"breadcrumb\":{\"@id\":\"https:\/\/www.ageloc.sk\/en\/produkt\/expert-pure-whitening-serum\/#breadcrumb\"},\"inLanguage\":\"en-US\",\"potentialAction\":[{\"@type\":\"ReadAction\",\"target\":[\"https:\/\/www.ageloc.sk\/en\/produkt\/expert-pure-whitening-serum\/\"]}]},{\"@type\":\"ImageObject\",\"inLanguage\":\"en-US\",\"@id\":\"https:\/\/www.ageloc.sk\/en\/produkt\/expert-pure-whitening-serum\/#primaryimage\",\"url\":\"https:\/\/www.ageloc.sk\/wp-content\/uploads\/2025\/10\/expertpure.jpg\",\"contentUrl\":\"https:\/\/www.ageloc.sk\/wp-content\/uploads\/2025\/10\/expertpure.jpg\",\"width\":1500,\"height\":1500},{\"@type\":\"BreadcrumbList\",\"@id\":\"https:\/\/www.ageloc.sk\/en\/produkt\/expert-pure-whitening-serum\/#breadcrumb\",\"itemListElement\":[{\"@type\":\"ListItem\",\"position\":1,\"name\":\"Homepage\",\"item\":\"https:\/\/www.ageloc.sk\/en\/\"},{\"@type\":\"ListItem\",\"position\":2,\"name\":\"Shop\",\"item\":\"https:\/\/www.ageloc.sk\/en\/shop\/\"},{\"@type\":\"ListItem\",\"position\":3,\"name\":\"Expert Pure Whitening Serum\"}]},{\"@type\":\"WebSite\",\"@id\":\"https:\/\/www.ageloc.sk\/en\/#website\",\"url\":\"https:\/\/www.ageloc.sk\/en\/\",\"name\":\"AgeLoc - Pr\u00e9miov\u00e1 thajsk\u00e1 kozmetika ChanSawang\",\"description\":\"\",\"publisher\":{\"@id\":\"https:\/\/www.ageloc.sk\/en\/#organization\"},\"potentialAction\":[{\"@type\":\"SearchAction\",\"target\":{\"@type\":\"EntryPoint\",\"urlTemplate\":\"https:\/\/www.ageloc.sk\/en\/?s={search_term_string}\"},\"query-input\":{\"@type\":\"PropertyValueSpecification\",\"valueRequired\":true,\"valueName\":\"search_term_string\"}}],\"inLanguage\":\"en-US\"},{\"@type\":\"Organization\",\"@id\":\"https:\/\/www.ageloc.sk\/en\/#organization\",\"name\":\"AgeLoc s.r.o.\",\"url\":\"https:\/\/www.ageloc.sk\/en\/\",\"logo\":{\"@type\":\"ImageObject\",\"inLanguage\":\"en-US\",\"@id\":\"https:\/\/www.ageloc.sk\/en\/#\/schema\/logo\/image\/\",\"url\":\"https:\/\/www.ageloc.sk\/wp-content\/uploads\/2025\/09\/logo-ChanSawang.svg\",\"contentUrl\":\"https:\/\/www.ageloc.sk\/wp-content\/uploads\/2025\/09\/logo-ChanSawang.svg\",\"width\":106,\"height\":106,\"caption\":\"AgeLoc s.r.o.\"},\"image\":{\"@id\":\"https:\/\/www.ageloc.sk\/en\/#\/schema\/logo\/image\/\"},\"sameAs\":[\"https:\/\/www.facebook.com\/profile.php?id=61563409901377\"]}]}<\/script>\n<!-- \/ Yoast SEO plugin. -->","yoast_head_json":{"title":"Expert Pure Whitening Serum - AgeLoc - Pr\u00e9miov\u00e1 thajsk\u00e1 kozmetika ChanSawang","robots":{"index":"index","follow":"follow","max-snippet":"max-snippet:-1","max-image-preview":"max-image-preview:large","max-video-preview":"max-video-preview:-1"},"canonical":"https:\/\/www.ageloc.sk\/en\/produkt\/expert-pure-whitening-serum\/","og_locale":"en_US","og_type":"article","og_title":"Expert Pure Whitening Serum - AgeLoc - Pr\u00e9miov\u00e1 thajsk\u00e1 kozmetika ChanSawang","og_description":"A concentrated brightening serum that reduces dark spots, evens out skin tone, and restores its natural radiance. Thanks to Vitamin C, arbutin, and turmeric, it improves the overall appearance of the skin, while hyaluronic acid, aloe vera, and allantoin hydrate and soothe. Plant proteins and Vitamin E strengthen the skin barrier and protect against free radicals \u2014 leaving the skin radiant, smooth, and healthy.","og_url":"https:\/\/www.ageloc.sk\/en\/produkt\/expert-pure-whitening-serum\/","og_site_name":"AgeLoc - Pr\u00e9miov\u00e1 thajsk\u00e1 kozmetika ChanSawang","article_publisher":"https:\/\/www.facebook.com\/profile.php?id=61563409901377","article_modified_time":"2025-11-03T14:03:56+00:00","og_image":[{"width":1500,"height":1500,"url":"https:\/\/www.ageloc.sk\/wp-content\/uploads\/2025\/10\/expertpure.jpg","type":"image\/jpeg"}],"twitter_card":"summary_large_image","twitter_misc":{"Est. reading time":"2 minutes"},"schema":{"@context":"https:\/\/schema.org","@graph":[{"@type":"WebPage","@id":"https:\/\/www.ageloc.sk\/en\/produkt\/expert-pure-whitening-serum\/","url":"https:\/\/www.ageloc.sk\/en\/produkt\/expert-pure-whitening-serum\/","name":"Expert Pure Whitening Serum - AgeLoc - Pr\u00e9miov\u00e1 thajsk\u00e1 kozmetika ChanSawang","isPartOf":{"@id":"https:\/\/www.ageloc.sk\/en\/#website"},"primaryImageOfPage":{"@id":"https:\/\/www.ageloc.sk\/en\/produkt\/expert-pure-whitening-serum\/#primaryimage"},"image":{"@id":"https:\/\/www.ageloc.sk\/en\/produkt\/expert-pure-whitening-serum\/#primaryimage"},"thumbnailUrl":"https:\/\/www.ageloc.sk\/wp-content\/uploads\/2025\/10\/expertpure.jpg","datePublished":"2025-10-01T14:51:29+00:00","dateModified":"2025-11-03T14:03:56+00:00","breadcrumb":{"@id":"https:\/\/www.ageloc.sk\/en\/produkt\/expert-pure-whitening-serum\/#breadcrumb"},"inLanguage":"en-US","potentialAction":[{"@type":"ReadAction","target":["https:\/\/www.ageloc.sk\/en\/produkt\/expert-pure-whitening-serum\/"]}]},{"@type":"ImageObject","inLanguage":"en-US","@id":"https:\/\/www.ageloc.sk\/en\/produkt\/expert-pure-whitening-serum\/#primaryimage","url":"https:\/\/www.ageloc.sk\/wp-content\/uploads\/2025\/10\/expertpure.jpg","contentUrl":"https:\/\/www.ageloc.sk\/wp-content\/uploads\/2025\/10\/expertpure.jpg","width":1500,"height":1500},{"@type":"BreadcrumbList","@id":"https:\/\/www.ageloc.sk\/en\/produkt\/expert-pure-whitening-serum\/#breadcrumb","itemListElement":[{"@type":"ListItem","position":1,"name":"Homepage","item":"https:\/\/www.ageloc.sk\/en\/"},{"@type":"ListItem","position":2,"name":"Shop","item":"https:\/\/www.ageloc.sk\/en\/shop\/"},{"@type":"ListItem","position":3,"name":"Expert Pure Whitening Serum"}]},{"@type":"WebSite","@id":"https:\/\/www.ageloc.sk\/en\/#website","url":"https:\/\/www.ageloc.sk\/en\/","name":"AgeLoc - Pr\u00e9miov\u00e1 thajsk\u00e1 kozmetika ChanSawang","description":"","publisher":{"@id":"https:\/\/www.ageloc.sk\/en\/#organization"},"potentialAction":[{"@type":"SearchAction","target":{"@type":"EntryPoint","urlTemplate":"https:\/\/www.ageloc.sk\/en\/?s={search_term_string}"},"query-input":{"@type":"PropertyValueSpecification","valueRequired":true,"valueName":"search_term_string"}}],"inLanguage":"en-US"},{"@type":"Organization","@id":"https:\/\/www.ageloc.sk\/en\/#organization","name":"AgeLoc s.r.o.","url":"https:\/\/www.ageloc.sk\/en\/","logo":{"@type":"ImageObject","inLanguage":"en-US","@id":"https:\/\/www.ageloc.sk\/en\/#\/schema\/logo\/image\/","url":"https:\/\/www.ageloc.sk\/wp-content\/uploads\/2025\/09\/logo-ChanSawang.svg","contentUrl":"https:\/\/www.ageloc.sk\/wp-content\/uploads\/2025\/09\/logo-ChanSawang.svg","width":106,"height":106,"caption":"AgeLoc s.r.o."},"image":{"@id":"https:\/\/www.ageloc.sk\/en\/#\/schema\/logo\/image\/"},"sameAs":["https:\/\/www.facebook.com\/profile.php?id=61563409901377"]}]}},"_links":{"self":[{"href":"https:\/\/www.ageloc.sk\/en\/wp-json\/wp\/v2\/product\/2632","targetHints":{"allow":["GET"]}}],"collection":[{"href":"https:\/\/www.ageloc.sk\/en\/wp-json\/wp\/v2\/product"}],"about":[{"href":"https:\/\/www.ageloc.sk\/en\/wp-json\/wp\/v2\/types\/product"}],"replies":[{"embeddable":true,"href":"https:\/\/www.ageloc.sk\/en\/wp-json\/wp\/v2\/comments?post=2632"}],"wp:featuredmedia":[{"embeddable":true,"href":"https:\/\/www.ageloc.sk\/en\/wp-json\/wp\/v2\/media\/2633"}],"wp:attachment":[{"href":"https:\/\/www.ageloc.sk\/en\/wp-json\/wp\/v2\/media?parent=2632"}],"wp:term":[{"taxonomy":"product_brand","embeddable":true,"href":"https:\/\/www.ageloc.sk\/en\/wp-json\/wp\/v2\/product_brand?post=2632"},{"taxonomy":"product_cat","embeddable":true,"href":"https:\/\/www.ageloc.sk\/en\/wp-json\/wp\/v2\/product_cat?post=2632"},{"taxonomy":"product_tag","embeddable":true,"href":"https:\/\/www.ageloc.sk\/en\/wp-json\/wp\/v2\/product_tag?post=2632"}],"curies":[{"name":"wp","href":"https:\/\/api.w.org\/{rel}","templated":true}]}}