{"id":2642,"date":"2025-10-01T16:47:25","date_gmt":"2025-10-01T14:47:25","guid":{"rendered":"https:\/\/www.ageloc.sk\/produkt\/eye-revital-wrinkle-lift-serum\/"},"modified":"2026-03-09T08:13:03","modified_gmt":"2026-03-09T07:13:03","slug":"eye-revital-wrinkle-lift-serum","status":"publish","type":"product","link":"https:\/\/www.ageloc.sk\/en\/produkt\/eye-revital-wrinkle-lift-serum\/","title":{"rendered":"Eye Revital Wrinkle Lift Serum"},"content":{"rendered":"<div class=\"product-description\">\n<h2>Eye Revital Wrinkle Lift Serum<\/h2>\n<p class=\"subtitle\"><em>Firming Eye Serum for Wrinkles<\/em><\/p>\n<p>\n Intensive care for the delicate eye area that reduces wrinkles, alleviates puffiness and dark circles, and deeply hydrates.<br \/>\n <strong>Eye Revital Wrinkle Lift Serum<\/strong> instantly refreshes the look, firms the skin around the eyes, and restores its youthful vitality.\n  <\/p>\n<h3>Key Benefits<\/h3>\n<ul>\n<li>Reduces wrinkles &amp; fine lines<\/li>\n<li>Alleviates puffiness &amp; dark circles<\/li>\n<li>Hydrates &amp; soothes the eye area<\/li>\n<li>Improves elasticity and brightens the look<\/li>\n<\/ul>\n<h3>Key Active Ingredients<\/h3>\n<ul>\n<li><strong>Chicory Root:<\/strong> promotes collagen production and firms the skin<\/li>\n<li><strong>Kigelia Africana:<\/strong> improves elasticity and smooths texture<\/li>\n<li><strong>Hydrolyzed proteins:<\/strong> strengthen and hydrate delicate skin<\/li>\n<li><strong>Hesperidin Methyl Chalcone &amp; Dipeptide-2:<\/strong> targeted reduction of puffiness and dark circles<\/li>\n<li><strong>Aloe Vera:<\/strong> immediate soothing and regeneration<\/li>\n<li><strong>Hyaluronic acid:<\/strong> intensive hydration and skin tightening<\/li>\n<li><strong>Vitamin E:<\/strong> antioxidant that protects and slows down aging<\/li>\n<\/ul>\n<h3>How to Use<\/h3>\n<ol>\n<li>Gently apply a small amount of serum with your ring finger around and under the eye area.<\/li>\n<li>Do not pull the skin, just gently pat until absorbed.<\/li>\n<li>Use morning and evening or as needed.<\/li>\n<\/ol>\n<p>\n    <strong>Volume:<\/strong> 15 ml<br \/>    <strong>Category:<\/strong> Eye Serum\n  <\/p>\n<\/div>\n","protected":false},"excerpt":{"rendered":"<p data-start=\"82\" data-end=\"329\">Intensive care for the delicate eye area that reduces wrinkles, alleviates puffiness and dark circles, and deeply hydrates. <strong data-start=\"207\" data-end=\"241\">Eye Revital Wrinkle Lift Serum<\/strong> instantly refreshes the look, firms the skin around the eyes, and restores its youthful vitality.<\/p>\n","protected":false},"featured_media":2643,"comment_status":"open","ping_status":"closed","template":"","meta":[],"product_brand":[],"product_cat":[108],"product_tag":[],"class_list":{"0":"post-2642","1":"product","2":"type-product","3":"status-publish","4":"has-post-thumbnail","6":"product_cat-moisturizing-premium-anti-aging-collection","8":"first","9":"instock","10":"sale","11":"taxable","12":"shipping-taxable","13":"purchasable","14":"product-type-simple"},"yoast_head":"<!-- This site is optimized with the Yoast SEO plugin v26.1.1 - https:\/\/yoast.com\/wordpress\/plugins\/seo\/ -->\n<title>Eye Revital Wrinkle Lift Serum - AgeLoc - Pr\u00e9miov\u00e1 thajsk\u00e1 kozmetika ChanSawang<\/title>\n<meta name=\"robots\" content=\"index, follow, max-snippet:-1, max-image-preview:large, max-video-preview:-1\" \/>\n<link rel=\"canonical\" href=\"https:\/\/www.ageloc.sk\/en\/produkt\/eye-revital-wrinkle-lift-serum\/\" \/>\n<meta property=\"og:locale\" content=\"en_US\" \/>\n<meta property=\"og:type\" content=\"article\" \/>\n<meta property=\"og:title\" content=\"Eye Revital Wrinkle Lift Serum - AgeLoc - Pr\u00e9miov\u00e1 thajsk\u00e1 kozmetika ChanSawang\" \/>\n<meta property=\"og:description\" content=\"Intensive care for the delicate eye area that reduces wrinkles, alleviates puffiness and dark circles, and deeply hydrates. Eye Revital Wrinkle Lift Serum instantly refreshes the look, firms the skin around the eyes, and restores its youthful vitality.\" \/>\n<meta property=\"og:url\" content=\"https:\/\/www.ageloc.sk\/en\/produkt\/eye-revital-wrinkle-lift-serum\/\" \/>\n<meta property=\"og:site_name\" content=\"AgeLoc - Pr\u00e9miov\u00e1 thajsk\u00e1 kozmetika ChanSawang\" \/>\n<meta property=\"article:publisher\" content=\"https:\/\/www.facebook.com\/profile.php?id=61563409901377\" \/>\n<meta property=\"article:modified_time\" content=\"2026-03-09T07:13:03+00:00\" \/>\n<meta property=\"og:image\" content=\"https:\/\/www.ageloc.sk\/wp-content\/uploads\/2025\/10\/eye.jpg\" \/>\n\t<meta property=\"og:image:width\" content=\"1500\" \/>\n\t<meta property=\"og:image:height\" content=\"1500\" \/>\n\t<meta property=\"og:image:type\" content=\"image\/jpeg\" \/>\n<meta name=\"twitter:card\" content=\"summary_large_image\" \/>\n<meta name=\"twitter:label1\" content=\"Est. reading time\" \/>\n\t<meta name=\"twitter:data1\" content=\"2 minutes\" \/>\n<script type=\"application\/ld+json\" class=\"yoast-schema-graph\">{\"@context\":\"https:\/\/schema.org\",\"@graph\":[{\"@type\":\"WebPage\",\"@id\":\"https:\/\/www.ageloc.sk\/en\/produkt\/eye-revital-wrinkle-lift-serum\/\",\"url\":\"https:\/\/www.ageloc.sk\/en\/produkt\/eye-revital-wrinkle-lift-serum\/\",\"name\":\"Eye Revital Wrinkle Lift Serum - AgeLoc - Pr\u00e9miov\u00e1 thajsk\u00e1 kozmetika ChanSawang\",\"isPartOf\":{\"@id\":\"https:\/\/www.ageloc.sk\/en\/#website\"},\"primaryImageOfPage\":{\"@id\":\"https:\/\/www.ageloc.sk\/en\/produkt\/eye-revital-wrinkle-lift-serum\/#primaryimage\"},\"image\":{\"@id\":\"https:\/\/www.ageloc.sk\/en\/produkt\/eye-revital-wrinkle-lift-serum\/#primaryimage\"},\"thumbnailUrl\":\"https:\/\/www.ageloc.sk\/wp-content\/uploads\/2025\/10\/eye.jpg\",\"datePublished\":\"2025-10-01T14:47:25+00:00\",\"dateModified\":\"2026-03-09T07:13:03+00:00\",\"breadcrumb\":{\"@id\":\"https:\/\/www.ageloc.sk\/en\/produkt\/eye-revital-wrinkle-lift-serum\/#breadcrumb\"},\"inLanguage\":\"en-US\",\"potentialAction\":[{\"@type\":\"ReadAction\",\"target\":[\"https:\/\/www.ageloc.sk\/en\/produkt\/eye-revital-wrinkle-lift-serum\/\"]}]},{\"@type\":\"ImageObject\",\"inLanguage\":\"en-US\",\"@id\":\"https:\/\/www.ageloc.sk\/en\/produkt\/eye-revital-wrinkle-lift-serum\/#primaryimage\",\"url\":\"https:\/\/www.ageloc.sk\/wp-content\/uploads\/2025\/10\/eye.jpg\",\"contentUrl\":\"https:\/\/www.ageloc.sk\/wp-content\/uploads\/2025\/10\/eye.jpg\",\"width\":1500,\"height\":1500},{\"@type\":\"BreadcrumbList\",\"@id\":\"https:\/\/www.ageloc.sk\/en\/produkt\/eye-revital-wrinkle-lift-serum\/#breadcrumb\",\"itemListElement\":[{\"@type\":\"ListItem\",\"position\":1,\"name\":\"Homepage\",\"item\":\"https:\/\/www.ageloc.sk\/en\/\"},{\"@type\":\"ListItem\",\"position\":2,\"name\":\"Shop\",\"item\":\"https:\/\/www.ageloc.sk\/en\/shop\/\"},{\"@type\":\"ListItem\",\"position\":3,\"name\":\"Eye Revital Wrinkle Lift Serum\"}]},{\"@type\":\"WebSite\",\"@id\":\"https:\/\/www.ageloc.sk\/en\/#website\",\"url\":\"https:\/\/www.ageloc.sk\/en\/\",\"name\":\"AgeLoc - Pr\u00e9miov\u00e1 thajsk\u00e1 kozmetika ChanSawang\",\"description\":\"\",\"publisher\":{\"@id\":\"https:\/\/www.ageloc.sk\/en\/#organization\"},\"potentialAction\":[{\"@type\":\"SearchAction\",\"target\":{\"@type\":\"EntryPoint\",\"urlTemplate\":\"https:\/\/www.ageloc.sk\/en\/?s={search_term_string}\"},\"query-input\":{\"@type\":\"PropertyValueSpecification\",\"valueRequired\":true,\"valueName\":\"search_term_string\"}}],\"inLanguage\":\"en-US\"},{\"@type\":\"Organization\",\"@id\":\"https:\/\/www.ageloc.sk\/en\/#organization\",\"name\":\"AgeLoc s.r.o.\",\"url\":\"https:\/\/www.ageloc.sk\/en\/\",\"logo\":{\"@type\":\"ImageObject\",\"inLanguage\":\"en-US\",\"@id\":\"https:\/\/www.ageloc.sk\/en\/#\/schema\/logo\/image\/\",\"url\":\"https:\/\/www.ageloc.sk\/wp-content\/uploads\/2025\/09\/logo-ChanSawang.svg\",\"contentUrl\":\"https:\/\/www.ageloc.sk\/wp-content\/uploads\/2025\/09\/logo-ChanSawang.svg\",\"width\":106,\"height\":106,\"caption\":\"AgeLoc s.r.o.\"},\"image\":{\"@id\":\"https:\/\/www.ageloc.sk\/en\/#\/schema\/logo\/image\/\"},\"sameAs\":[\"https:\/\/www.facebook.com\/profile.php?id=61563409901377\"]}]}<\/script>\n<!-- \/ Yoast SEO plugin. -->","yoast_head_json":{"title":"Eye Revital Wrinkle Lift Serum - AgeLoc - Pr\u00e9miov\u00e1 thajsk\u00e1 kozmetika ChanSawang","robots":{"index":"index","follow":"follow","max-snippet":"max-snippet:-1","max-image-preview":"max-image-preview:large","max-video-preview":"max-video-preview:-1"},"canonical":"https:\/\/www.ageloc.sk\/en\/produkt\/eye-revital-wrinkle-lift-serum\/","og_locale":"en_US","og_type":"article","og_title":"Eye Revital Wrinkle Lift Serum - AgeLoc - Pr\u00e9miov\u00e1 thajsk\u00e1 kozmetika ChanSawang","og_description":"Intensive care for the delicate eye area that reduces wrinkles, alleviates puffiness and dark circles, and deeply hydrates. Eye Revital Wrinkle Lift Serum instantly refreshes the look, firms the skin around the eyes, and restores its youthful vitality.","og_url":"https:\/\/www.ageloc.sk\/en\/produkt\/eye-revital-wrinkle-lift-serum\/","og_site_name":"AgeLoc - Pr\u00e9miov\u00e1 thajsk\u00e1 kozmetika ChanSawang","article_publisher":"https:\/\/www.facebook.com\/profile.php?id=61563409901377","article_modified_time":"2026-03-09T07:13:03+00:00","og_image":[{"width":1500,"height":1500,"url":"https:\/\/www.ageloc.sk\/wp-content\/uploads\/2025\/10\/eye.jpg","type":"image\/jpeg"}],"twitter_card":"summary_large_image","twitter_misc":{"Est. reading time":"2 minutes"},"schema":{"@context":"https:\/\/schema.org","@graph":[{"@type":"WebPage","@id":"https:\/\/www.ageloc.sk\/en\/produkt\/eye-revital-wrinkle-lift-serum\/","url":"https:\/\/www.ageloc.sk\/en\/produkt\/eye-revital-wrinkle-lift-serum\/","name":"Eye Revital Wrinkle Lift Serum - AgeLoc - Pr\u00e9miov\u00e1 thajsk\u00e1 kozmetika ChanSawang","isPartOf":{"@id":"https:\/\/www.ageloc.sk\/en\/#website"},"primaryImageOfPage":{"@id":"https:\/\/www.ageloc.sk\/en\/produkt\/eye-revital-wrinkle-lift-serum\/#primaryimage"},"image":{"@id":"https:\/\/www.ageloc.sk\/en\/produkt\/eye-revital-wrinkle-lift-serum\/#primaryimage"},"thumbnailUrl":"https:\/\/www.ageloc.sk\/wp-content\/uploads\/2025\/10\/eye.jpg","datePublished":"2025-10-01T14:47:25+00:00","dateModified":"2026-03-09T07:13:03+00:00","breadcrumb":{"@id":"https:\/\/www.ageloc.sk\/en\/produkt\/eye-revital-wrinkle-lift-serum\/#breadcrumb"},"inLanguage":"en-US","potentialAction":[{"@type":"ReadAction","target":["https:\/\/www.ageloc.sk\/en\/produkt\/eye-revital-wrinkle-lift-serum\/"]}]},{"@type":"ImageObject","inLanguage":"en-US","@id":"https:\/\/www.ageloc.sk\/en\/produkt\/eye-revital-wrinkle-lift-serum\/#primaryimage","url":"https:\/\/www.ageloc.sk\/wp-content\/uploads\/2025\/10\/eye.jpg","contentUrl":"https:\/\/www.ageloc.sk\/wp-content\/uploads\/2025\/10\/eye.jpg","width":1500,"height":1500},{"@type":"BreadcrumbList","@id":"https:\/\/www.ageloc.sk\/en\/produkt\/eye-revital-wrinkle-lift-serum\/#breadcrumb","itemListElement":[{"@type":"ListItem","position":1,"name":"Homepage","item":"https:\/\/www.ageloc.sk\/en\/"},{"@type":"ListItem","position":2,"name":"Shop","item":"https:\/\/www.ageloc.sk\/en\/shop\/"},{"@type":"ListItem","position":3,"name":"Eye Revital Wrinkle Lift Serum"}]},{"@type":"WebSite","@id":"https:\/\/www.ageloc.sk\/en\/#website","url":"https:\/\/www.ageloc.sk\/en\/","name":"AgeLoc - Pr\u00e9miov\u00e1 thajsk\u00e1 kozmetika ChanSawang","description":"","publisher":{"@id":"https:\/\/www.ageloc.sk\/en\/#organization"},"potentialAction":[{"@type":"SearchAction","target":{"@type":"EntryPoint","urlTemplate":"https:\/\/www.ageloc.sk\/en\/?s={search_term_string}"},"query-input":{"@type":"PropertyValueSpecification","valueRequired":true,"valueName":"search_term_string"}}],"inLanguage":"en-US"},{"@type":"Organization","@id":"https:\/\/www.ageloc.sk\/en\/#organization","name":"AgeLoc s.r.o.","url":"https:\/\/www.ageloc.sk\/en\/","logo":{"@type":"ImageObject","inLanguage":"en-US","@id":"https:\/\/www.ageloc.sk\/en\/#\/schema\/logo\/image\/","url":"https:\/\/www.ageloc.sk\/wp-content\/uploads\/2025\/09\/logo-ChanSawang.svg","contentUrl":"https:\/\/www.ageloc.sk\/wp-content\/uploads\/2025\/09\/logo-ChanSawang.svg","width":106,"height":106,"caption":"AgeLoc s.r.o."},"image":{"@id":"https:\/\/www.ageloc.sk\/en\/#\/schema\/logo\/image\/"},"sameAs":["https:\/\/www.facebook.com\/profile.php?id=61563409901377"]}]}},"_links":{"self":[{"href":"https:\/\/www.ageloc.sk\/en\/wp-json\/wp\/v2\/product\/2642","targetHints":{"allow":["GET"]}}],"collection":[{"href":"https:\/\/www.ageloc.sk\/en\/wp-json\/wp\/v2\/product"}],"about":[{"href":"https:\/\/www.ageloc.sk\/en\/wp-json\/wp\/v2\/types\/product"}],"replies":[{"embeddable":true,"href":"https:\/\/www.ageloc.sk\/en\/wp-json\/wp\/v2\/comments?post=2642"}],"wp:featuredmedia":[{"embeddable":true,"href":"https:\/\/www.ageloc.sk\/en\/wp-json\/wp\/v2\/media\/2643"}],"wp:attachment":[{"href":"https:\/\/www.ageloc.sk\/en\/wp-json\/wp\/v2\/media?parent=2642"}],"wp:term":[{"taxonomy":"product_brand","embeddable":true,"href":"https:\/\/www.ageloc.sk\/en\/wp-json\/wp\/v2\/product_brand?post=2642"},{"taxonomy":"product_cat","embeddable":true,"href":"https:\/\/www.ageloc.sk\/en\/wp-json\/wp\/v2\/product_cat?post=2642"},{"taxonomy":"product_tag","embeddable":true,"href":"https:\/\/www.ageloc.sk\/en\/wp-json\/wp\/v2\/product_tag?post=2642"}],"curies":[{"name":"wp","href":"https:\/\/api.w.org\/{rel}","templated":true}]}}